{"id":276,"date":"2026-02-03T07:11:52","date_gmt":"2026-02-03T06:11:52","guid":{"rendered":"https:\/\/autoskolaautostop.cz\/?page_id=276"},"modified":"2026-04-03T23:25:47","modified_gmt":"2026-04-03T21:25:47","slug":"elementor-276","status":"publish","type":"page","link":"https:\/\/autoskolaautostop.cz\/","title":{"rendered":"Elementor #276"},"content":{"rendered":"\t\t<div data-elementor-type=\"wp-page\" data-elementor-id=\"276\" class=\"elementor elementor-276\">\n\t\t\t\t<div class=\"elementor-element elementor-element-18148f8 e-flex e-con-boxed e-con e-parent\" data-id=\"18148f8\" data-element_type=\"container\" data-e-type=\"container\">\n\t\t\t\t\t<div class=\"e-con-inner\">\n\t\t\t\t<div class=\"elementor-element elementor-element-4827b6f elementor-widget elementor-widget-menu-anchor\" data-id=\"4827b6f\" data-element_type=\"widget\" data-e-type=\"widget\" data-widget_type=\"menu-anchor.default\">\n\t\t\t\t\t\t\t<div class=\"elementor-menu-anchor\" id=\"home\"><\/div>\n\t\t\t\t\t\t<\/div>\n\t\t\t\t\t<\/div>\n\t\t\t\t<\/div>\n\t\t<div class=\"elementor-element elementor-element-f0e9cea e-flex e-con-boxed e-con e-parent\" data-id=\"f0e9cea\" data-element_type=\"container\" data-e-type=\"container\" data-settings=\"{&quot;background_background&quot;:&quot;classic&quot;,&quot;position&quot;:&quot;fixed&quot;}\">\n\t\t\t\t\t<div class=\"e-con-inner\">\n\t\t<div class=\"elementor-element elementor-element-b83a123 e-con-full e-flex e-con e-child\" data-id=\"b83a123\" data-element_type=\"container\" data-e-type=\"container\">\n\t\t\t\t<div class=\"elementor-element elementor-element-bdcdecf elementor-align-center elementor-widget elementor-widget-button\" data-id=\"bdcdecf\" data-element_type=\"widget\" data-e-type=\"widget\" data-widget_type=\"button.default\">\n\t\t\t\t\t\t\t\t\t\t<a class=\"elementor-button elementor-button-link elementor-size-sm\" href=\"#home\">\n\t\t\t\t\t\t<span class=\"elementor-button-content-wrapper\">\n\t\t\t\t\t\t\t\t\t<span class=\"elementor-button-text\">Auto\u0161kola<\/span>\n\t\t\t\t\t<\/span>\n\t\t\t\t\t<\/a>\n\t\t\t\t\t\t\t\t<\/div>\n\t\t\t\t<\/div>\n\t\t<div class=\"elementor-element elementor-element-5aaeb7b e-con-full e-flex e-con e-child\" data-id=\"5aaeb7b\" data-element_type=\"container\" data-e-type=\"container\">\n\t\t\t\t<div class=\"elementor-element elementor-element-d427d1e elementor-align-center elementor-widget elementor-widget-button\" data-id=\"d427d1e\" data-element_type=\"widget\" data-e-type=\"widget\" data-widget_type=\"button.default\">\n\t\t\t\t\t\t\t\t\t\t<a class=\"elementor-button elementor-button-link elementor-size-sm\" href=\"#jakzacit\">\n\t\t\t\t\t\t<span class=\"elementor-button-content-wrapper\">\n\t\t\t\t\t\t\t\t\t<span class=\"elementor-button-text\">Jak za\u010d\u00edt<\/span>\n\t\t\t\t\t<\/span>\n\t\t\t\t\t<\/a>\n\t\t\t\t\t\t\t\t<\/div>\n\t\t\t\t<\/div>\n\t\t<div class=\"elementor-element elementor-element-8a0fce1 e-con-full e-flex e-con e-child\" data-id=\"8a0fce1\" data-element_type=\"container\" data-e-type=\"container\">\n\t\t\t\t<div class=\"elementor-element elementor-element-0f6d65a elementor-align-center elementor-widget elementor-widget-button\" data-id=\"0f6d65a\" data-element_type=\"widget\" data-e-type=\"widget\" data-widget_type=\"button.default\">\n\t\t\t\t\t\t\t\t\t\t<a class=\"elementor-button elementor-button-link elementor-size-sm\" href=\"#stazeni\">\n\t\t\t\t\t\t<span class=\"elementor-button-content-wrapper\">\n\t\t\t\t\t\t\t\t\t<span class=\"elementor-button-text\">Ke sta\u017een\u00ed<\/span>\n\t\t\t\t\t<\/span>\n\t\t\t\t\t<\/a>\n\t\t\t\t\t\t\t\t<\/div>\n\t\t\t\t<\/div>\n\t\t<div class=\"elementor-element elementor-element-dcecf94 e-con-full e-flex e-con e-child\" data-id=\"dcecf94\" data-element_type=\"container\" data-e-type=\"container\">\n\t\t\t\t<div class=\"elementor-element elementor-element-7caa6b1 elementor-align-center elementor-widget elementor-widget-button\" data-id=\"7caa6b1\" data-element_type=\"widget\" data-e-type=\"widget\" data-widget_type=\"button.default\">\n\t\t\t\t\t\t\t\t\t\t<a class=\"elementor-button elementor-button-link elementor-size-sm\" href=\"#kontakt\">\n\t\t\t\t\t\t<span class=\"elementor-button-content-wrapper\">\n\t\t\t\t\t\t\t\t\t<span class=\"elementor-button-text\">Kontakt<\/span>\n\t\t\t\t\t<\/span>\n\t\t\t\t\t<\/a>\n\t\t\t\t\t\t\t\t<\/div>\n\t\t\t\t<\/div>\n\t\t\t\t\t<\/div>\n\t\t\t\t<\/div>\n\t\t<div class=\"elementor-element elementor-element-86eff85 e-con-full animated-slow e-flex elementor-invisible e-con e-parent\" data-id=\"86eff85\" data-element_type=\"container\" data-e-type=\"container\" data-settings=\"{&quot;animation&quot;:&quot;fadeIn&quot;}\">\n\t\t<div class=\"elementor-element elementor-element-ea495cb e-con-full e-flex e-con e-child\" data-id=\"ea495cb\" data-element_type=\"container\" data-e-type=\"container\">\n\t\t\t\t<div class=\"elementor-element elementor-element-43c5204 elementor-widget__width-initial elementor-widget elementor-widget-text-editor\" data-id=\"43c5204\" data-element_type=\"widget\" data-e-type=\"widget\" data-widget_type=\"text-editor.default\">\n\t\t\t\t\t\t\t\t\t<p><b data-path-to-node=\"8,0\" data-index-in-node=\"0\">V\u00e1\u0161 stoprocentn\u00ed start do sv\u011bta silnic.<\/b> &gt; V Auto\u0161kole Autostop ned\u011bl\u00e1me z \u0159\u00edzen\u00ed v\u011bdu, ale radost. Zakl\u00e1d\u00e1me si na f\u00e9rov\u00e9m jedn\u00e1n\u00ed, trp\u011blivosti a vozov\u00e9m parku, do kter\u00e9ho se budete t\u011b\u0161it. Na\u0161\u00edm c\u00edlem nen\u00ed jen to, abyste pro\u0161li testy, ale abyste se v hust\u00e9m provozu c\u00edtili jako ryba ve vod\u011b. P\u0159idejte se k tis\u00edc\u016fm spokojen\u00fdch absolvent\u016f, kte\u0159\u00ed d\u00edky n\u00e1m objevili svobodu pohybu. <b data-path-to-node=\"8,0\" data-index-in-node=\"378\">Jedeme v tom s v\u00e1mi.<\/b><\/p>\t\t\t\t\t\t\t\t<\/div>\n\t\t\t\t<\/div>\n\t\t<div class=\"elementor-element elementor-element-3b773e0 e-con-full e-flex e-con e-child\" data-id=\"3b773e0\" data-element_type=\"container\" data-e-type=\"container\" data-settings=\"{&quot;background_background&quot;:&quot;classic&quot;}\">\n\t\t\t\t<div class=\"elementor-element elementor-element-c796c66 elementor-widget__width-inherit elementor-widget elementor-widget-image\" data-id=\"c796c66\" data-element_type=\"widget\" data-e-type=\"widget\" data-widget_type=\"image.default\">\n\t\t\t\t\t\t\t\t\t\t\t\t\t\t\t<img fetchpriority=\"high\" decoding=\"async\" width=\"1024\" height=\"642\" src=\"https:\/\/autoskolaautostop.cz\/wp-content\/uploads\/2026\/02\/Gemini_Generated_Image_r0f5n0r0f5n0r0f5-e1770059695693-1024x642.png\" class=\"attachment-large size-large wp-image-221\" alt=\"\" srcset=\"https:\/\/autoskolaautostop.cz\/wp-content\/uploads\/2026\/02\/Gemini_Generated_Image_r0f5n0r0f5n0r0f5-e1770059695693-1024x642.png 1024w, https:\/\/autoskolaautostop.cz\/wp-content\/uploads\/2026\/02\/Gemini_Generated_Image_r0f5n0r0f5n0r0f5-e1770059695693-300x188.png 300w, https:\/\/autoskolaautostop.cz\/wp-content\/uploads\/2026\/02\/Gemini_Generated_Image_r0f5n0r0f5n0r0f5-e1770059695693-768x482.png 768w, https:\/\/autoskolaautostop.cz\/wp-content\/uploads\/2026\/02\/Gemini_Generated_Image_r0f5n0r0f5n0r0f5-e1770059695693.png 1403w\" sizes=\"(max-width: 1024px) 100vw, 1024px\" \/>\t\t\t\t\t\t\t\t\t\t\t\t\t\t\t<\/div>\n\t\t\t\t<\/div>\n\t\t\t\t<\/div>\n\t\t<div class=\"elementor-element elementor-element-5800455 e-con-full animated-slow e-flex elementor-invisible e-con e-parent\" data-id=\"5800455\" data-element_type=\"container\" data-e-type=\"container\" data-settings=\"{&quot;animation&quot;:&quot;slideInUp&quot;}\">\n\t\t<div class=\"elementor-element elementor-element-6515752 e-con-full e-flex e-con e-child\" data-id=\"6515752\" data-element_type=\"container\" data-e-type=\"container\">\n\t\t<div class=\"elementor-element elementor-element-aa96167 e-con-full e-flex e-con e-child\" data-id=\"aa96167\" data-element_type=\"container\" data-e-type=\"container\">\n\t\t\t\t<div class=\"elementor-element elementor-element-96dc7e2 elementor-view-stacked elementor-shape-rounded elementor-position-block-start elementor-mobile-position-block-start elementor-widget elementor-widget-icon-box\" data-id=\"96dc7e2\" data-element_type=\"widget\" data-e-type=\"widget\" data-widget_type=\"icon-box.default\">\n\t\t\t\t\t\t\t<div class=\"elementor-icon-box-wrapper\">\n\n\t\t\t\t\t\t<div class=\"elementor-icon-box-icon\">\n\t\t\t\t<span  class=\"elementor-icon\">\n\t\t\t\t<svg aria-hidden=\"true\" class=\"e-font-icon-svg e-fas-address-card\" viewBox=\"0 0 576 512\" xmlns=\"http:\/\/www.w3.org\/2000\/svg\"><path d=\"M528 32H48C21.5 32 0 53.5 0 80v352c0 26.5 21.5 48 48 48h480c26.5 0 48-21.5 48-48V80c0-26.5-21.5-48-48-48zm-352 96c35.3 0 64 28.7 64 64s-28.7 64-64 64-64-28.7-64-64 28.7-64 64-64zm112 236.8c0 10.6-10 19.2-22.4 19.2H86.4C74 384 64 375.4 64 364.8v-19.2c0-31.8 30.1-57.6 67.2-57.6h5c12.3 5.1 25.7 8 39.8 8s27.6-2.9 39.8-8h5c37.1 0 67.2 25.8 67.2 57.6v19.2zM512 312c0 4.4-3.6 8-8 8H360c-4.4 0-8-3.6-8-8v-16c0-4.4 3.6-8 8-8h144c4.4 0 8 3.6 8 8v16zm0-64c0 4.4-3.6 8-8 8H360c-4.4 0-8-3.6-8-8v-16c0-4.4 3.6-8 8-8h144c4.4 0 8 3.6 8 8v16zm0-64c0 4.4-3.6 8-8 8H360c-4.4 0-8-3.6-8-8v-16c0-4.4 3.6-8 8-8h144c4.4 0 8 3.6 8 8v16z\"><\/path><\/svg>\t\t\t\t<\/span>\n\t\t\t<\/div>\n\t\t\t\n\t\t\t\t\t\t<div class=\"elementor-icon-box-content\">\n\n\t\t\t\t\t\t\t\t\t<h3 class=\"elementor-icon-box-title\">\n\t\t\t\t\t\t<span  >\n\t\t\t\t\t\t\tSkupina B 20000 K\u010d\t\t\t\t\t\t<\/span>\n\t\t\t\t\t<\/h3>\n\t\t\t\t\n\t\t\t\t\t\t\t\t\t<p class=\"elementor-icon-box-description\">\n\t\t\t\t\t\tUchaze\u010di absolvuj\u00ed v\u00fdcvik od za\u010d\u00e1tku na vozidle (bez trena\u017e\u00e9ru), v silni\u010dn\u00edm provozu tak str\u00e1v\u00ed o 4 hodiny nav\u00edc.\t\t\t\t\t<\/p>\n\t\t\t\t\n\t\t\t<\/div>\n\t\t\t\n\t\t<\/div>\n\t\t\t\t\t\t<\/div>\n\t\t\t\t<\/div>\n\t\t<div class=\"elementor-element elementor-element-f66ae32 e-con-full e-flex e-con e-child\" data-id=\"f66ae32\" data-element_type=\"container\" data-e-type=\"container\">\n\t\t\t\t<div class=\"elementor-element elementor-element-d6717ae elementor-view-stacked elementor-shape-rounded elementor-position-block-start elementor-mobile-position-block-start elementor-widget elementor-widget-icon-box\" data-id=\"d6717ae\" data-element_type=\"widget\" data-e-type=\"widget\" data-widget_type=\"icon-box.default\">\n\t\t\t\t\t\t\t<div class=\"elementor-icon-box-wrapper\">\n\n\t\t\t\t\t\t<div class=\"elementor-icon-box-icon\">\n\t\t\t\t<span  class=\"elementor-icon\">\n\t\t\t\t<svg aria-hidden=\"true\" class=\"e-font-icon-svg e-fas-car\" viewBox=\"0 0 512 512\" xmlns=\"http:\/\/www.w3.org\/2000\/svg\"><path d=\"M499.99 176h-59.87l-16.64-41.6C406.38 91.63 365.57 64 319.5 64h-127c-46.06 0-86.88 27.63-103.99 70.4L71.87 176H12.01C4.2 176-1.53 183.34.37 190.91l6 24C7.7 220.25 12.5 224 18.01 224h20.07C24.65 235.73 16 252.78 16 272v48c0 16.12 6.16 30.67 16 41.93V416c0 17.67 14.33 32 32 32h32c17.67 0 32-14.33 32-32v-32h256v32c0 17.67 14.33 32 32 32h32c17.67 0 32-14.33 32-32v-54.07c9.84-11.25 16-25.8 16-41.93v-48c0-19.22-8.65-36.27-22.07-48H494c5.51 0 10.31-3.75 11.64-9.09l6-24c1.89-7.57-3.84-14.91-11.65-14.91zm-352.06-17.83c7.29-18.22 24.94-30.17 44.57-30.17h127c19.63 0 37.28 11.95 44.57 30.17L384 208H128l19.93-49.83zM96 319.8c-19.2 0-32-12.76-32-31.9S76.8 256 96 256s48 28.71 48 47.85-28.8 15.95-48 15.95zm320 0c-19.2 0-48 3.19-48-15.95S396.8 256 416 256s32 12.76 32 31.9-12.8 31.9-32 31.9z\"><\/path><\/svg>\t\t\t\t<\/span>\n\t\t\t<\/div>\n\t\t\t\n\t\t\t\t\t\t<div class=\"elementor-icon-box-content\">\n\n\t\t\t\t\t\t\t\t\t<h3 class=\"elementor-icon-box-title\">\n\t\t\t\t\t\t<span  >\n\t\t\t\t\t\t\tKondi\u010dn\u00ed j\u00edzdy\t\t\t\t\t\t<\/span>\n\t\t\t\t\t<\/h3>\n\t\t\t\t\n\t\t\t\t\t\t\t\t\t<p class=\"elementor-icon-box-description\">\n\t\t\t\t\t\tV\u011b\u0159\u00edme v profi p\u0159\u00edstup a modern\u00ed metody. Jedna u\u010debn\u00ed lekce (45 min) v\u00e1s vyjde na 400 K\u010d. Jasn\u00e1 cena, jasn\u00e9 v\u00fdsledky, nulov\u00fd stres.\t\t\t\t\t<\/p>\n\t\t\t\t\n\t\t\t<\/div>\n\t\t\t\n\t\t<\/div>\n\t\t\t\t\t\t<\/div>\n\t\t\t\t<\/div>\n\t\t\t\t<\/div>\n\t\t\t\t<\/div>\n\t\t<div class=\"elementor-element elementor-element-23f36fd e-flex e-con-boxed e-con e-parent\" data-id=\"23f36fd\" data-element_type=\"container\" data-e-type=\"container\">\n\t\t\t\t\t<div class=\"e-con-inner\">\n\t\t\t\t<div class=\"elementor-element elementor-element-9438c5b elementor-widget elementor-widget-menu-anchor\" data-id=\"9438c5b\" data-element_type=\"widget\" data-e-type=\"widget\" data-widget_type=\"menu-anchor.default\">\n\t\t\t\t\t\t\t<div class=\"elementor-menu-anchor\" id=\"jakzacit\"><\/div>\n\t\t\t\t\t\t<\/div>\n\t\t\t\t\t<\/div>\n\t\t\t\t<\/div>\n\t\t<div class=\"elementor-element elementor-element-8b922ad animated-slow e-flex e-con-boxed elementor-invisible e-con e-parent\" data-id=\"8b922ad\" data-element_type=\"container\" data-e-type=\"container\" data-settings=\"{&quot;background_background&quot;:&quot;classic&quot;,&quot;animation&quot;:&quot;slideInLeft&quot;}\">\n\t\t\t\t\t<div class=\"e-con-inner\">\n\t\t<div class=\"elementor-element elementor-element-db55978 e-con-full e-flex e-con e-child\" data-id=\"db55978\" data-element_type=\"container\" data-e-type=\"container\">\n\t\t\t\t<div class=\"elementor-element elementor-element-58cbe21 elementor-widget elementor-widget-heading\" data-id=\"58cbe21\" data-element_type=\"widget\" data-e-type=\"widget\" data-widget_type=\"heading.default\">\n\t\t\t\t\t<h2 class=\"elementor-heading-title elementor-size-default\">Zah\u00e1jen\u00ed nov\u00e9ho kurzu auto\u0161koly, je 30.4.2026 v 17:00<\/h2>\t\t\t\t<\/div>\n\t\t\t\t<\/div>\n\t\t<div class=\"elementor-element elementor-element-a68280d e-con-full e-flex e-con e-child\" data-id=\"a68280d\" data-element_type=\"container\" data-e-type=\"container\">\n\t\t\t\t<div class=\"elementor-element elementor-element-a6d2706 elementor-view-default elementor-widget elementor-widget-icon\" data-id=\"a6d2706\" data-element_type=\"widget\" data-e-type=\"widget\" data-widget_type=\"icon.default\">\n\t\t\t\t\t\t\t<div class=\"elementor-icon-wrapper\">\n\t\t\t<div class=\"elementor-icon\">\n\t\t\t<svg aria-hidden=\"true\" class=\"e-font-icon-svg e-fas-tachometer-alt\" viewBox=\"0 0 576 512\" xmlns=\"http:\/\/www.w3.org\/2000\/svg\"><path d=\"M288 32C128.94 32 0 160.94 0 320c0 52.8 14.25 102.26 39.06 144.8 5.61 9.62 16.3 15.2 27.44 15.2h443c11.14 0 21.83-5.58 27.44-15.2C561.75 422.26 576 372.8 576 320c0-159.06-128.94-288-288-288zm0 64c14.71 0 26.58 10.13 30.32 23.65-1.11 2.26-2.64 4.23-3.45 6.67l-9.22 27.67c-5.13 3.49-10.97 6.01-17.64 6.01-17.67 0-32-14.33-32-32S270.33 96 288 96zM96 384c-17.67 0-32-14.33-32-32s14.33-32 32-32 32 14.33 32 32-14.33 32-32 32zm48-160c-17.67 0-32-14.33-32-32s14.33-32 32-32 32 14.33 32 32-14.33 32-32 32zm246.77-72.41l-61.33 184C343.13 347.33 352 364.54 352 384c0 11.72-3.38 22.55-8.88 32H232.88c-5.5-9.45-8.88-20.28-8.88-32 0-33.94 26.5-61.43 59.9-63.59l61.34-184.01c4.17-12.56 17.73-19.45 30.36-15.17 12.57 4.19 19.35 17.79 15.17 30.36zm14.66 57.2l15.52-46.55c3.47-1.29 7.13-2.23 11.05-2.23 17.67 0 32 14.33 32 32s-14.33 32-32 32c-11.38-.01-20.89-6.28-26.57-15.22zM480 384c-17.67 0-32-14.33-32-32s14.33-32 32-32 32 14.33 32 32-14.33 32-32 32z\"><\/path><\/svg>\t\t\t<\/div>\n\t\t<\/div>\n\t\t\t\t\t\t<\/div>\n\t\t\t\t<\/div>\n\t\t\t\t\t<\/div>\n\t\t\t\t<\/div>\n\t\t<div class=\"elementor-element elementor-element-1e7d968 animated-slow e-flex e-con-boxed elementor-invisible e-con e-parent\" data-id=\"1e7d968\" data-element_type=\"container\" data-e-type=\"container\" data-settings=\"{&quot;animation&quot;:&quot;fadeIn&quot;}\">\n\t\t\t\t\t<div class=\"e-con-inner\">\n\t\t<div class=\"elementor-element elementor-element-62021e0 e-con-full e-flex e-con e-child\" data-id=\"62021e0\" data-element_type=\"container\" data-e-type=\"container\">\n\t\t\t\t<div class=\"elementor-element elementor-element-2107ebc elementor-widget elementor-widget-heading\" data-id=\"2107ebc\" data-element_type=\"widget\" data-e-type=\"widget\" data-widget_type=\"heading.default\">\n\t\t\t\t\t<h2 class=\"elementor-heading-title elementor-size-default\">Jak za\u010d\u00edt<\/h2>\t\t\t\t<\/div>\n\t\t\t\t<\/div>\n\t\t<div class=\"elementor-element elementor-element-8ee05ce e-con-full e-flex e-con e-child\" data-id=\"8ee05ce\" data-element_type=\"container\" data-e-type=\"container\">\n\t\t\t\t<div class=\"elementor-element elementor-element-2fe3488 elementor-widget elementor-widget-text-editor\" data-id=\"2fe3488\" data-element_type=\"widget\" data-e-type=\"widget\" data-widget_type=\"text-editor.default\">\n\t\t\t\t\t\t\t\t\t<p>Formul\u00e1\u0159e pot\u0159ebn\u00e9 k zah\u00e1jen\u00ed \u2013 \u201c<span class=\"strong\">\u017d\u00e1dost o \u0159idi\u010dsk\u00e9 opr\u00e1vn\u011bn\u00ed<\/span>\u201d a \u201c<span class=\"strong\">Posudek o zdravotn\u00ed zp\u016fsobilosti<\/span>\u201c. Ty lze vyzvednout v provozovn\u011b auto\u0161koly nebo je mo\u017en\u00e9 je\u00a0st\u00e1hnout\u00a0(\u017e\u00e1dost o \u0159idi\u010dsk\u00e9 opr\u00e1vn\u011bn\u00ed tisknout oboustrann\u011b).<\/p>\t\t\t\t\t\t\t\t<\/div>\n\t\t\t\t<\/div>\n\t\t<div class=\"elementor-element elementor-element-85ce01f e-con-full e-flex e-con e-child\" data-id=\"85ce01f\" data-element_type=\"container\" data-e-type=\"container\">\n\t\t\t\t<div class=\"elementor-element elementor-element-fd0b654 elementor-widget elementor-widget-text-editor\" data-id=\"fd0b654\" data-element_type=\"widget\" data-e-type=\"widget\" data-widget_type=\"text-editor.default\">\n\t\t\t\t\t\t\t\t\t<section id=\"primary\" class=\"content-single content-area\"><main id=\"main\" class=\"site-main\" role=\"main\"><article id=\"post-23\" class=\"post-23 page type-page status-publish hentry\"><div class=\"entry-content clearfix\"><div class=\"postText\"><p>Na raz\u00edtku l\u00e9ka\u0159e mus\u00ed b\u00fdt \u010diteln\u00e9 jm\u00e9no l\u00e9ka\u0159e (strojem, tiskac\u00edm p\u00edsmem) . D\u00e1le mus\u00ed b\u00fdt na raz\u00edtku uveden text \u201d Praktick\u00fd l\u00e9ka\u0159 \u201c. Podle z\u00e1kona 361\/2000 Sb., sm\u00ed va\u0161i p\u0159ihl\u00e1\u0161ku potvrdit registruj\u00edc\u00ed praktick\u00fd l\u00e9ka\u0159, l\u00e9ka\u0159 za\u0159\u00edzen\u00ed z\u00e1vodn\u00ed preventivn\u00ed p\u00e9\u010de nebo kter\u00fdkoliv praktick\u00fd l\u00e9ka\u0159. N\u011bkte\u0159\u00ed l\u00e9ka\u0159i cht\u011bj\u00ed i formul\u00e1\u0159 \u201cProhl\u00e1\u0161en\u00ed posuzovan\u00e9 osoby ke sv\u00e9 zdravotn\u00ed zp\u016fsobilosti\u201d.<\/p><\/div><\/div><\/article><\/main><\/section><section id=\"secondary\" class=\"sidebar widget-area clearfix\" role=\"complementary\"><aside id=\"text-3\" class=\"widget widget_text clearfix\"><div class=\"widget-header\">\u00a0<\/div><\/aside><\/section>\t\t\t\t\t\t\t\t<\/div>\n\t\t\t\t<\/div>\n\t\t\t\t\t<\/div>\n\t\t\t\t<\/div>\n\t\t<div class=\"elementor-element elementor-element-3ce31a6 e-flex e-con-boxed e-con e-parent\" data-id=\"3ce31a6\" data-element_type=\"container\" data-e-type=\"container\">\n\t\t\t\t\t<div class=\"e-con-inner\">\n\t\t\t\t<div class=\"elementor-element elementor-element-3af2f5d elementor-widget elementor-widget-menu-anchor\" data-id=\"3af2f5d\" data-element_type=\"widget\" data-e-type=\"widget\" data-widget_type=\"menu-anchor.default\">\n\t\t\t\t\t\t\t<div class=\"elementor-menu-anchor\" id=\"stazeni\"><\/div>\n\t\t\t\t\t\t<\/div>\n\t\t\t\t\t<\/div>\n\t\t\t\t<\/div>\n\t\t<div class=\"elementor-element elementor-element-521010c animated-slow e-flex e-con-boxed elementor-invisible e-con e-parent\" data-id=\"521010c\" data-element_type=\"container\" data-e-type=\"container\" data-settings=\"{&quot;animation&quot;:&quot;fadeIn&quot;}\">\n\t\t\t\t\t<div class=\"e-con-inner\">\n\t\t\t\t<div class=\"elementor-element elementor-element-537dd5a elementor-widget elementor-widget-heading\" data-id=\"537dd5a\" data-element_type=\"widget\" data-e-type=\"widget\" data-widget_type=\"heading.default\">\n\t\t\t\t\t<h2 class=\"elementor-heading-title elementor-size-default\">Dokumenty ke sta\u017een\u00ed<\/h2>\t\t\t\t<\/div>\n\t\t\t\t\t<\/div>\n\t\t\t\t<\/div>\n\t\t<div class=\"elementor-element elementor-element-17202ed e-flex e-con-boxed e-con e-parent\" data-id=\"17202ed\" data-element_type=\"container\" data-e-type=\"container\">\n\t\t\t\t\t<div class=\"e-con-inner\">\n\t\t<div class=\"elementor-element elementor-element-0c3562f e-con-full animated-slow e-flex elementor-invisible e-con e-child\" data-id=\"0c3562f\" data-element_type=\"container\" data-e-type=\"container\" data-settings=\"{&quot;animation&quot;:&quot;slideInLeft&quot;}\">\n\t\t\t\t<div class=\"elementor-element elementor-element-5e61f0a elementor-view-default elementor-position-block-start elementor-mobile-position-block-start elementor-widget elementor-widget-icon-box\" data-id=\"5e61f0a\" data-element_type=\"widget\" data-e-type=\"widget\" data-widget_type=\"icon-box.default\">\n\t\t\t\t\t\t\t<div class=\"elementor-icon-box-wrapper\">\n\n\t\t\t\t\t\t<div class=\"elementor-icon-box-icon\">\n\t\t\t\t<a href=\"https:\/\/autoskolaautostop.cz\/wp-content\/uploads\/2026\/03\/Zadost-o-prijeti-k-vyuce-a-zaznam-o-zkouskach.pdf\" target=\"_blank\" class=\"elementor-icon\" tabindex=\"-1\" aria-label=\"\u017d\u00e1dost o p\u0159ijet\u00ed k v\u00fduce a v\u00fdcviku\">\n\t\t\t\t<svg aria-hidden=\"true\" class=\"e-font-icon-svg e-fas-sticky-note\" viewBox=\"0 0 448 512\" xmlns=\"http:\/\/www.w3.org\/2000\/svg\"><path d=\"M312 320h136V56c0-13.3-10.7-24-24-24H24C10.7 32 0 42.7 0 56v400c0 13.3 10.7 24 24 24h264V344c0-13.2 10.8-24 24-24zm129 55l-98 98c-4.5 4.5-10.6 7-17 7h-6V352h128v6.1c0 6.3-2.5 12.4-7 16.9z\"><\/path><\/svg>\t\t\t\t<\/a>\n\t\t\t<\/div>\n\t\t\t\n\t\t\t\t\t\t<div class=\"elementor-icon-box-content\">\n\n\t\t\t\t\t\t\t\t\t<h3 class=\"elementor-icon-box-title\">\n\t\t\t\t\t\t<a href=\"https:\/\/autoskolaautostop.cz\/wp-content\/uploads\/2026\/03\/Zadost-o-prijeti-k-vyuce-a-zaznam-o-zkouskach.pdf\" target=\"_blank\" >\n\t\t\t\t\t\t\t\u017d\u00e1dost o p\u0159ijet\u00ed k v\u00fduce a v\u00fdcviku\t\t\t\t\t\t<\/a>\n\t\t\t\t\t<\/h3>\n\t\t\t\t\n\t\t\t\t\t\t\t\t\t<p class=\"elementor-icon-box-description\">\n\t\t\t\t\t\tpros\u00edme tisknout oboustrann\u011b\t\t\t\t\t<\/p>\n\t\t\t\t\n\t\t\t<\/div>\n\t\t\t\n\t\t<\/div>\n\t\t\t\t\t\t<\/div>\n\t\t\t\t<\/div>\n\t\t\t\t\t<\/div>\n\t\t\t\t<\/div>\n\t\t<div class=\"elementor-element elementor-element-7403291 e-flex e-con-boxed e-con e-parent\" data-id=\"7403291\" data-element_type=\"container\" data-e-type=\"container\">\n\t\t\t\t\t<div class=\"e-con-inner\">\n\t\t\t\t\t<\/div>\n\t\t\t\t<\/div>\n\t\t<div class=\"elementor-element elementor-element-7d4e112 e-flex e-con-boxed e-con e-parent\" data-id=\"7d4e112\" data-element_type=\"container\" data-e-type=\"container\">\n\t\t\t\t\t<div class=\"e-con-inner\">\n\t\t\t\t<div class=\"elementor-element elementor-element-911b95e elementor-widget elementor-widget-menu-anchor\" data-id=\"911b95e\" data-element_type=\"widget\" data-e-type=\"widget\" data-widget_type=\"menu-anchor.default\">\n\t\t\t\t\t\t\t<div class=\"elementor-menu-anchor\" id=\"kontakt\"><\/div>\n\t\t\t\t\t\t<\/div>\n\t\t\t\t\t<\/div>\n\t\t\t\t<\/div>\n\t\t<div class=\"elementor-element elementor-element-10a58d3 e-flex e-con-boxed elementor-invisible e-con e-parent\" data-id=\"10a58d3\" data-element_type=\"container\" data-e-type=\"container\" data-settings=\"{&quot;animation&quot;:&quot;fadeIn&quot;}\">\n\t\t\t\t\t<div class=\"e-con-inner\">\n\t\t<div class=\"elementor-element elementor-element-5dfb23f e-con-full e-flex e-con e-child\" data-id=\"5dfb23f\" data-element_type=\"container\" data-e-type=\"container\">\n\t\t\t\t<div class=\"elementor-element elementor-element-76f4083 elementor-widget elementor-widget-google_maps\" data-id=\"76f4083\" data-element_type=\"widget\" data-e-type=\"widget\" data-widget_type=\"google_maps.default\">\n\t\t\t\t\t\t\t<div class=\"elementor-custom-embed\">\n\t\t\t<iframe loading=\"lazy\"\n\t\t\t\t\tsrc=\"https:\/\/maps.google.com\/maps?q=Auto%C5%A1kola%20autostop&#038;t=m&#038;z=15&#038;output=embed&#038;iwloc=near\"\n\t\t\t\t\ttitle=\"Auto\u0161kola autostop\"\n\t\t\t\t\taria-label=\"Auto\u0161kola autostop\"\n\t\t\t><\/iframe>\n\t\t<\/div>\n\t\t\t\t\t\t<\/div>\n\t\t\t\t<\/div>\n\t\t<div class=\"elementor-element elementor-element-4b1505a e-con-full e-flex e-con e-child\" data-id=\"4b1505a\" data-element_type=\"container\" data-e-type=\"container\">\n\t\t<div class=\"elementor-element elementor-element-c8458ff e-flex e-con-boxed e-con e-child\" data-id=\"c8458ff\" data-element_type=\"container\" data-e-type=\"container\">\n\t\t\t\t\t<div class=\"e-con-inner\">\n\t\t\t\t<div class=\"elementor-element elementor-element-bb38e88 elementor-widget elementor-widget-heading\" data-id=\"bb38e88\" data-element_type=\"widget\" data-e-type=\"widget\" data-widget_type=\"heading.default\">\n\t\t\t\t\t<h2 class=\"elementor-heading-title elementor-size-default\">Kontakt<\/h2>\t\t\t\t<\/div>\n\t\t\t\t\t<\/div>\n\t\t\t\t<\/div>\n\t\t<div class=\"elementor-element elementor-element-6750b92 e-flex e-con-boxed e-con e-child\" data-id=\"6750b92\" data-element_type=\"container\" data-e-type=\"container\">\n\t\t\t\t\t<div class=\"e-con-inner\">\n\t\t\t\t<div class=\"elementor-element elementor-element-307580d elementor-widget elementor-widget-text-editor\" data-id=\"307580d\" data-element_type=\"widget\" data-e-type=\"widget\" data-widget_type=\"text-editor.default\">\n\t\t\t\t\t\t\t\t\t<p class=\"strong\">Auto\u0161kola Autostop<br \/>Masarykova 153\/125<br \/>\u00dast\u00ed nad Labem<br \/>tel. \u010d.: +420 603 481 694<br \/>e-mail: <a href=\"mailto:autostopvavera@seznam.cz\">autostopvavera@seznam.cz<\/a><\/p>\t\t\t\t\t\t\t\t<\/div>\n\t\t\t\t\t<\/div>\n\t\t\t\t<\/div>\n\t\t\t\t<\/div>\n\t\t\t\t\t<\/div>\n\t\t\t\t<\/div>\n\t\t\t\t<\/div>\n\t\t","protected":false},"excerpt":{"rendered":"<p>Auto\u0161kola Jak za\u010d\u00edt Ke sta\u017een\u00ed Kontakt V\u00e1\u0161 stoprocentn\u00ed start do sv\u011bta silnic. &gt; V Auto\u0161kole Autostop ned\u011bl\u00e1me z \u0159\u00edzen\u00ed v\u011bdu, ale radost. Zakl\u00e1d\u00e1me si na f\u00e9rov\u00e9m jedn\u00e1n\u00ed, trp\u011blivosti a vozov\u00e9m parku, do kter\u00e9ho se budete t\u011b\u0161it. Na\u0161\u00edm c\u00edlem nen\u00ed jen to, abyste pro\u0161li testy, ale abyste se v hust\u00e9m provozu c\u00edtili jako ryba ve vod\u011b. [&hellip;]<\/p>\n","protected":false},"author":1,"featured_media":0,"parent":0,"menu_order":0,"comment_status":"closed","ping_status":"closed","template":"","meta":{"footnotes":""},"class_list":["post-276","page","type-page","status-publish","hentry"],"_links":{"self":[{"href":"https:\/\/autoskolaautostop.cz\/index.php?rest_route=\/wp\/v2\/pages\/276","targetHints":{"allow":["GET"]}}],"collection":[{"href":"https:\/\/autoskolaautostop.cz\/index.php?rest_route=\/wp\/v2\/pages"}],"about":[{"href":"https:\/\/autoskolaautostop.cz\/index.php?rest_route=\/wp\/v2\/types\/page"}],"author":[{"embeddable":true,"href":"https:\/\/autoskolaautostop.cz\/index.php?rest_route=\/wp\/v2\/users\/1"}],"replies":[{"embeddable":true,"href":"https:\/\/autoskolaautostop.cz\/index.php?rest_route=%2Fwp%2Fv2%2Fcomments&post=276"}],"version-history":[{"count":34,"href":"https:\/\/autoskolaautostop.cz\/index.php?rest_route=\/wp\/v2\/pages\/276\/revisions"}],"predecessor-version":[{"id":322,"href":"https:\/\/autoskolaautostop.cz\/index.php?rest_route=\/wp\/v2\/pages\/276\/revisions\/322"}],"wp:attachment":[{"href":"https:\/\/autoskolaautostop.cz\/index.php?rest_route=%2Fwp%2Fv2%2Fmedia&parent=276"}],"curies":[{"name":"wp","href":"https:\/\/api.w.org\/{rel}","templated":true}]}}